{"id":2331,"date":"2023-12-24T13:46:32","date_gmt":"2023-12-24T13:46:32","guid":{"rendered":"https:\/\/kreativtalents.com\/agencit\/?page_id=2331"},"modified":"2023-12-27T23:34:51","modified_gmt":"2023-12-27T23:34:51","slug":"projets","status":"publish","type":"page","link":"https:\/\/kreativtalents.com\/agencit\/projets\/","title":{"rendered":"Projets"},"content":{"rendered":"<div class=\"wpb-content-wrapper\"><p>[vc_row][vc_column][vc_empty_space height=\u00a0\u00bb132px\u00a0\u00bb][\/vc_column][\/vc_row][vc_row][vc_column][vc_tta_tabs color=\u00a0\u00bbwhite\u00a0\u00bb alignment=\u00a0\u00bbright\u00a0\u00bb active_section=\u00a0\u00bb1&Prime;][vc_tta_section title=\u00a0\u00bbProjets 2021&Prime; tab_id=\u00a0\u00bb1703425345481-1a91b383-8708&Prime;]<div class=\"column_filters\"><div class=\"blog_wrapper isotope_wrapper clearfix\"><div class=\"posts_group lm_wrapper col-3 grid margin\"><article class=\"post post-item isotope-item clearfix post-2315 type-post status-publish format-standard has-post-thumbnail hentry category-projets-2021 category-uncategorized\" style=\"\"><div class=\"date_label\">d\u00e9cembre 22, 2023<\/div><div class=\"image_frame post-photo-wrapper scale-with-grid image\"><div class=\"image_wrapper\"><a href=\"https:\/\/kreativtalents.com\/agencit\/2023\/12\/22\/groupe-scolaire-les-violettes\/\"><div class=\"mask\"><\/div><img loading=\"lazy\" decoding=\"async\" width=\"586\" height=\"587\" src=\"https:\/\/kreativtalents.com\/agencit\/wp-content\/uploads\/2023\/12\/photo7.png\" class=\"scale-with-grid wp-post-image\" alt=\"\" srcset=\"https:\/\/kreativtalents.com\/agencit\/wp-content\/uploads\/2023\/12\/photo7.png 586w, https:\/\/kreativtalents.com\/agencit\/wp-content\/uploads\/2023\/12\/photo7-500x500.png 500w, https:\/\/kreativtalents.com\/agencit\/wp-content\/uploads\/2023\/12\/photo7-300x300.png 300w, https:\/\/kreativtalents.com\/agencit\/wp-content\/uploads\/2023\/12\/photo7-150x150.png 150w, https:\/\/kreativtalents.com\/agencit\/wp-content\/uploads\/2023\/12\/photo7-75x75.png 75w, https:\/\/kreativtalents.com\/agencit\/wp-content\/uploads\/2023\/12\/photo7-480x481.png 480w\" sizes=\"auto, (max-width:767px) 480px, 586px\" \/><\/a><div class=\"image_links double\"><a class=\"zoom \"  rel=\"prettyphoto\" href=\"https:\/\/kreativtalents.com\/agencit\/wp-content\/uploads\/2023\/12\/photo7.png\"><svg viewBox=\"0 0 26 26\"><defs><style>.path{fill:none;stroke:#333;stroke-miterlimit:10;stroke-width:1.5px;}<\/style><\/defs><circle cx=\"11.35\" cy=\"11.35\" r=\"6\" class=\"path\"><\/circle><line x1=\"15.59\" y1=\"15.59\" x2=\"20.65\" y2=\"20.65\" class=\"path\"><\/line><\/svg><\/a><a class=\"link \"  href=\"https:\/\/kreativtalents.com\/agencit\/2023\/12\/22\/groupe-scolaire-les-violettes\/\"><svg viewBox=\"0 0 26 26\"><defs><style>.path{fill:none;stroke:#333;stroke-miterlimit:10;stroke-width:1.5px;}<\/style><\/defs><g><path d=\"M10.17,8.76l2.12-2.12a5,5,0,0,1,7.07,0h0a5,5,0,0,1,0,7.07l-2.12,2.12\" class=\"path\"><\/path><path d=\"M15.83,17.24l-2.12,2.12a5,5,0,0,1-7.07,0h0a5,5,0,0,1,0-7.07l2.12-2.12\" class=\"path\"><\/path><line x1=\"10.17\" y1=\"15.83\" x2=\"15.83\" y2=\"10.17\" class=\"path\"><\/line><\/g><\/svg><\/a><\/div><\/div><\/div><div class=\"post-desc-wrapper bg- has-custom-bg\" style=\"\"><div class=\"post-desc\"><div class=\"post-head\"><\/div><div class=\"post-title\"><h2 class=\"entry-title\" itemprop=\"headline\"><a href=\"https:\/\/kreativtalents.com\/agencit\/2023\/12\/22\/groupe-scolaire-les-violettes\/\">Groupe scolaire, les violettes<\/a><\/h2><\/div><div class=\"post-excerpt\">Extension du groupe scolaire Les violettes &#8211; 78750 Mareil Marly Maltrise d&rsquo;ouvrage : Ville de Mareil-Marly 78 Expertise : chauffage \/ ventilation \/ climatisation \/Plomberie Ville<span class=\"excerpt-hellip\"> [\u2026]<\/span><\/div><div class=\"post-footer\"><div class=\"button-love\"><span class=\"love-text\">Do you like it?<\/span><\/div><div class=\"post-links\"><i class=\"icon-doc-text\" aria-hidden=\"true\"><\/i> <a href=\"https:\/\/kreativtalents.com\/agencit\/2023\/12\/22\/groupe-scolaire-les-violettes\/\" class=\"post-more\">Lire plus<\/a><\/div><\/div><\/div><\/div><\/article><article class=\"post post-item isotope-item clearfix post-2312 type-post status-publish format-standard has-post-thumbnail hentry category-projets-2021 category-uncategorized\" style=\"\"><div class=\"date_label\">d\u00e9cembre 22, 2023<\/div><div class=\"image_frame post-photo-wrapper scale-with-grid image\"><div class=\"image_wrapper\"><a href=\"https:\/\/kreativtalents.com\/agencit\/2023\/12\/22\/residence-hoteliere\/\"><div class=\"mask\"><\/div><img loading=\"lazy\" decoding=\"async\" width=\"586\" height=\"587\" src=\"https:\/\/kreativtalents.com\/agencit\/wp-content\/uploads\/2023\/12\/photo5.png\" class=\"scale-with-grid wp-post-image\" alt=\"\" srcset=\"https:\/\/kreativtalents.com\/agencit\/wp-content\/uploads\/2023\/12\/photo5.png 586w, https:\/\/kreativtalents.com\/agencit\/wp-content\/uploads\/2023\/12\/photo5-500x500.png 500w, https:\/\/kreativtalents.com\/agencit\/wp-content\/uploads\/2023\/12\/photo5-300x300.png 300w, https:\/\/kreativtalents.com\/agencit\/wp-content\/uploads\/2023\/12\/photo5-150x150.png 150w, https:\/\/kreativtalents.com\/agencit\/wp-content\/uploads\/2023\/12\/photo5-75x75.png 75w, https:\/\/kreativtalents.com\/agencit\/wp-content\/uploads\/2023\/12\/photo5-480x481.png 480w\" sizes=\"auto, (max-width:767px) 480px, 586px\" \/><\/a><div class=\"image_links double\"><a class=\"zoom \"  rel=\"prettyphoto\" href=\"https:\/\/kreativtalents.com\/agencit\/wp-content\/uploads\/2023\/12\/photo5.png\"><svg viewBox=\"0 0 26 26\"><defs><style>.path{fill:none;stroke:#333;stroke-miterlimit:10;stroke-width:1.5px;}<\/style><\/defs><circle cx=\"11.35\" cy=\"11.35\" r=\"6\" class=\"path\"><\/circle><line x1=\"15.59\" y1=\"15.59\" x2=\"20.65\" y2=\"20.65\" class=\"path\"><\/line><\/svg><\/a><a class=\"link \"  href=\"https:\/\/kreativtalents.com\/agencit\/2023\/12\/22\/residence-hoteliere\/\"><svg viewBox=\"0 0 26 26\"><defs><style>.path{fill:none;stroke:#333;stroke-miterlimit:10;stroke-width:1.5px;}<\/style><\/defs><g><path d=\"M10.17,8.76l2.12-2.12a5,5,0,0,1,7.07,0h0a5,5,0,0,1,0,7.07l-2.12,2.12\" class=\"path\"><\/path><path d=\"M15.83,17.24l-2.12,2.12a5,5,0,0,1-7.07,0h0a5,5,0,0,1,0-7.07l2.12-2.12\" class=\"path\"><\/path><line x1=\"10.17\" y1=\"15.83\" x2=\"15.83\" y2=\"10.17\" class=\"path\"><\/line><\/g><\/svg><\/a><\/div><\/div><\/div><div class=\"post-desc-wrapper bg- has-custom-bg\" style=\"\"><div class=\"post-desc\"><div class=\"post-head\"><\/div><div class=\"post-title\"><h2 class=\"entry-title\" itemprop=\"headline\"><a href=\"https:\/\/kreativtalents.com\/agencit\/2023\/12\/22\/residence-hoteliere\/\">R\u00e9sidence Hoteli\u00e8re<\/a><\/h2><\/div><div class=\"post-excerpt\">Construction d&rsquo;une r\u00e9sidence h\u00f4teli\u00e8re, 11-17 rue &#8211; Guynemer Issy Les Moulineaux 92 Maltrise d&rsquo;ouvrage : Expertise : Etude d&rsquo;EXE CVC-PLB- BIM Ville : Issy-Les-Moulineaux (92130) Ann\u00e9e<span class=\"excerpt-hellip\"> [\u2026]<\/span><\/div><div class=\"post-footer\"><div class=\"button-love\"><span class=\"love-text\">Do you like it?<\/span><\/div><div class=\"post-links\"><i class=\"icon-doc-text\" aria-hidden=\"true\"><\/i> <a href=\"https:\/\/kreativtalents.com\/agencit\/2023\/12\/22\/residence-hoteliere\/\" class=\"post-more\">Lire plus<\/a><\/div><\/div><\/div><\/div><\/article><\/div><\/div>\n<\/div>\n[\/vc_tta_section][vc_tta_section title=\u00a0\u00bbProjets 2022&Prime; tab_id=\u00a0\u00bb1703425345490-bc87384e-9c76&Prime;]<div class=\"column_filters\"><div class=\"blog_wrapper isotope_wrapper clearfix\"><div class=\"posts_group lm_wrapper col-3 grid margin\"><article class=\"post post-item isotope-item clearfix post-2308 type-post status-publish format-standard has-post-thumbnail hentry category-projets-2022 category-uncategorized\" style=\"\"><div class=\"date_label\">d\u00e9cembre 22, 2023<\/div><div class=\"image_frame post-photo-wrapper scale-with-grid image\"><div class=\"image_wrapper\"><a href=\"https:\/\/kreativtalents.com\/agencit\/2023\/12\/22\/campus-arboretum-nanterre\/\"><div class=\"mask\"><\/div><img loading=\"lazy\" decoding=\"async\" width=\"586\" height=\"587\" src=\"https:\/\/kreativtalents.com\/agencit\/wp-content\/uploads\/2023\/12\/photo4.png\" class=\"scale-with-grid wp-post-image\" alt=\"\" srcset=\"https:\/\/kreativtalents.com\/agencit\/wp-content\/uploads\/2023\/12\/photo4.png 586w, https:\/\/kreativtalents.com\/agencit\/wp-content\/uploads\/2023\/12\/photo4-500x500.png 500w, https:\/\/kreativtalents.com\/agencit\/wp-content\/uploads\/2023\/12\/photo4-300x300.png 300w, https:\/\/kreativtalents.com\/agencit\/wp-content\/uploads\/2023\/12\/photo4-150x150.png 150w, https:\/\/kreativtalents.com\/agencit\/wp-content\/uploads\/2023\/12\/photo4-75x75.png 75w, https:\/\/kreativtalents.com\/agencit\/wp-content\/uploads\/2023\/12\/photo4-480x481.png 480w\" sizes=\"auto, (max-width:767px) 480px, 586px\" \/><\/a><div class=\"image_links double\"><a class=\"zoom \"  rel=\"prettyphoto\" href=\"https:\/\/kreativtalents.com\/agencit\/wp-content\/uploads\/2023\/12\/photo4.png\"><svg viewBox=\"0 0 26 26\"><defs><style>.path{fill:none;stroke:#333;stroke-miterlimit:10;stroke-width:1.5px;}<\/style><\/defs><circle cx=\"11.35\" cy=\"11.35\" r=\"6\" class=\"path\"><\/circle><line x1=\"15.59\" y1=\"15.59\" x2=\"20.65\" y2=\"20.65\" class=\"path\"><\/line><\/svg><\/a><a class=\"link \"  href=\"https:\/\/kreativtalents.com\/agencit\/2023\/12\/22\/campus-arboretum-nanterre\/\"><svg viewBox=\"0 0 26 26\"><defs><style>.path{fill:none;stroke:#333;stroke-miterlimit:10;stroke-width:1.5px;}<\/style><\/defs><g><path d=\"M10.17,8.76l2.12-2.12a5,5,0,0,1,7.07,0h0a5,5,0,0,1,0,7.07l-2.12,2.12\" class=\"path\"><\/path><path d=\"M15.83,17.24l-2.12,2.12a5,5,0,0,1-7.07,0h0a5,5,0,0,1,0-7.07l2.12-2.12\" class=\"path\"><\/path><line x1=\"10.17\" y1=\"15.83\" x2=\"15.83\" y2=\"10.17\" class=\"path\"><\/line><\/g><\/svg><\/a><\/div><\/div><\/div><div class=\"post-desc-wrapper bg- has-custom-bg\" style=\"\"><div class=\"post-desc\"><div class=\"post-head\"><\/div><div class=\"post-title\"><h2 class=\"entry-title\" itemprop=\"headline\"><a href=\"https:\/\/kreativtalents.com\/agencit\/2023\/12\/22\/campus-arboretum-nanterre\/\">Campus ARBORETUM &#8211; NANTERRE<\/a><\/h2><\/div><div class=\"post-excerpt\">Campus ARBORETUM ZAC des Papeteries 92 &#8211; NANTERRE &#8211; BATIMENT EPICEA Maltrise d&rsquo;ouvrage : ARBORETUM Expertise : Etude d&rsquo;EXE escaliers m\u00e9tallique Ville : NANTERRE 92 Ann\u00e9e<span class=\"excerpt-hellip\"> [\u2026]<\/span><\/div><div class=\"post-footer\"><div class=\"button-love\"><span class=\"love-text\">Do you like it?<\/span><\/div><div class=\"post-links\"><i class=\"icon-doc-text\" aria-hidden=\"true\"><\/i> <a href=\"https:\/\/kreativtalents.com\/agencit\/2023\/12\/22\/campus-arboretum-nanterre\/\" class=\"post-more\">Lire plus<\/a><\/div><\/div><\/div><\/div><\/article><article class=\"post post-item isotope-item clearfix post-2306 type-post status-publish format-standard has-post-thumbnail hentry category-projets-2022 category-uncategorized\" style=\"\"><div class=\"date_label\">d\u00e9cembre 22, 2023<\/div><div class=\"image_frame post-photo-wrapper scale-with-grid image\"><div class=\"image_wrapper\"><a href=\"https:\/\/kreativtalents.com\/agencit\/2023\/12\/22\/creche-malakoff\/\"><div class=\"mask\"><\/div><img loading=\"lazy\" decoding=\"async\" width=\"586\" height=\"587\" src=\"https:\/\/kreativtalents.com\/agencit\/wp-content\/uploads\/2023\/12\/photo3.png\" class=\"scale-with-grid wp-post-image\" alt=\"\" srcset=\"https:\/\/kreativtalents.com\/agencit\/wp-content\/uploads\/2023\/12\/photo3.png 586w, https:\/\/kreativtalents.com\/agencit\/wp-content\/uploads\/2023\/12\/photo3-500x500.png 500w, https:\/\/kreativtalents.com\/agencit\/wp-content\/uploads\/2023\/12\/photo3-300x300.png 300w, https:\/\/kreativtalents.com\/agencit\/wp-content\/uploads\/2023\/12\/photo3-150x150.png 150w, https:\/\/kreativtalents.com\/agencit\/wp-content\/uploads\/2023\/12\/photo3-75x75.png 75w, https:\/\/kreativtalents.com\/agencit\/wp-content\/uploads\/2023\/12\/photo3-480x481.png 480w\" sizes=\"auto, (max-width:767px) 480px, 586px\" \/><\/a><div class=\"image_links double\"><a class=\"zoom \"  rel=\"prettyphoto\" href=\"https:\/\/kreativtalents.com\/agencit\/wp-content\/uploads\/2023\/12\/photo3.png\"><svg viewBox=\"0 0 26 26\"><defs><style>.path{fill:none;stroke:#333;stroke-miterlimit:10;stroke-width:1.5px;}<\/style><\/defs><circle cx=\"11.35\" cy=\"11.35\" r=\"6\" class=\"path\"><\/circle><line x1=\"15.59\" y1=\"15.59\" x2=\"20.65\" y2=\"20.65\" class=\"path\"><\/line><\/svg><\/a><a class=\"link \"  href=\"https:\/\/kreativtalents.com\/agencit\/2023\/12\/22\/creche-malakoff\/\"><svg viewBox=\"0 0 26 26\"><defs><style>.path{fill:none;stroke:#333;stroke-miterlimit:10;stroke-width:1.5px;}<\/style><\/defs><g><path d=\"M10.17,8.76l2.12-2.12a5,5,0,0,1,7.07,0h0a5,5,0,0,1,0,7.07l-2.12,2.12\" class=\"path\"><\/path><path d=\"M15.83,17.24l-2.12,2.12a5,5,0,0,1-7.07,0h0a5,5,0,0,1,0-7.07l2.12-2.12\" class=\"path\"><\/path><line x1=\"10.17\" y1=\"15.83\" x2=\"15.83\" y2=\"10.17\" class=\"path\"><\/line><\/g><\/svg><\/a><\/div><\/div><\/div><div class=\"post-desc-wrapper bg- has-custom-bg\" style=\"\"><div class=\"post-desc\"><div class=\"post-head\"><\/div><div class=\"post-title\"><h2 class=\"entry-title\" itemprop=\"headline\"><a href=\"https:\/\/kreativtalents.com\/agencit\/2023\/12\/22\/creche-malakoff\/\">Cr\u00e8che Malakoff<\/a><\/h2><\/div><div class=\"post-excerpt\">Construction d&rsquo;un ensemble de 69 logements et une cr\u00e8che Maltrise d&rsquo;ouvrage : ARBORETUM Expertise : \u00c9tude thermique Ville : MALAKOFF 92 Ann\u00e9e : 2023 Surface de<span class=\"excerpt-hellip\"> [\u2026]<\/span><\/div><div class=\"post-footer\"><div class=\"button-love\"><span class=\"love-text\">Do you like it?<\/span><\/div><div class=\"post-links\"><i class=\"icon-doc-text\" aria-hidden=\"true\"><\/i> <a href=\"https:\/\/kreativtalents.com\/agencit\/2023\/12\/22\/creche-malakoff\/\" class=\"post-more\">Lire plus<\/a><\/div><\/div><\/div><\/div><\/article><\/div><\/div>\n<\/div>\n[\/vc_tta_section][vc_tta_section title=\u00a0\u00bbProjets 2023&Prime; tab_id=\u00a0\u00bb1703425504555-42b5d34f-fd2b\u00a0\u00bb]<div class=\"column_filters\"><div class=\"blog_wrapper isotope_wrapper clearfix\"><div class=\"posts_group lm_wrapper col-3 grid margin isotope\"><article class=\"post post-item isotope-item clearfix author-admin post-2304 type-post status-publish format-standard has-post-thumbnail hentry category-projets-2023 category-uncategorized\" style=\"\"><div class=\"date_label\">d\u00e9cembre 22, 2023<\/div><div class=\"image_frame post-photo-wrapper scale-with-grid image\"><div class=\"image_wrapper\"><a href=\"https:\/\/kreativtalents.com\/agencit\/2023\/12\/22\/reamenagement-dimmeuble-a-r4\/\"><div class=\"mask\"><\/div><img loading=\"lazy\" decoding=\"async\" width=\"586\" height=\"587\" src=\"https:\/\/kreativtalents.com\/agencit\/wp-content\/uploads\/2023\/12\/photo2.png\" class=\"scale-with-grid wp-post-image\" alt=\"\" srcset=\"https:\/\/kreativtalents.com\/agencit\/wp-content\/uploads\/2023\/12\/photo2.png 586w, https:\/\/kreativtalents.com\/agencit\/wp-content\/uploads\/2023\/12\/photo2-500x500.png 500w, https:\/\/kreativtalents.com\/agencit\/wp-content\/uploads\/2023\/12\/photo2-300x300.png 300w, https:\/\/kreativtalents.com\/agencit\/wp-content\/uploads\/2023\/12\/photo2-150x150.png 150w, https:\/\/kreativtalents.com\/agencit\/wp-content\/uploads\/2023\/12\/photo2-75x75.png 75w, https:\/\/kreativtalents.com\/agencit\/wp-content\/uploads\/2023\/12\/photo2-480x481.png 480w\" sizes=\"auto, (max-width:767px) 480px, 586px\" \/><\/a><div class=\"image_links double\"><a class=\"zoom \"  rel=\"prettyphoto\" href=\"https:\/\/kreativtalents.com\/agencit\/wp-content\/uploads\/2023\/12\/photo2.png\"><svg viewBox=\"0 0 26 26\"><defs><style>.path{fill:none;stroke:#333;stroke-miterlimit:10;stroke-width:1.5px;}<\/style><\/defs><circle cx=\"11.35\" cy=\"11.35\" r=\"6\" class=\"path\"><\/circle><line x1=\"15.59\" y1=\"15.59\" x2=\"20.65\" y2=\"20.65\" class=\"path\"><\/line><\/svg><\/a><a class=\"link \"  href=\"https:\/\/kreativtalents.com\/agencit\/2023\/12\/22\/reamenagement-dimmeuble-a-r4\/\"><svg viewBox=\"0 0 26 26\"><defs><style>.path{fill:none;stroke:#333;stroke-miterlimit:10;stroke-width:1.5px;}<\/style><\/defs><g><path d=\"M10.17,8.76l2.12-2.12a5,5,0,0,1,7.07,0h0a5,5,0,0,1,0,7.07l-2.12,2.12\" class=\"path\"><\/path><path d=\"M15.83,17.24l-2.12,2.12a5,5,0,0,1-7.07,0h0a5,5,0,0,1,0-7.07l2.12-2.12\" class=\"path\"><\/path><line x1=\"10.17\" y1=\"15.83\" x2=\"15.83\" y2=\"10.17\" class=\"path\"><\/line><\/g><\/svg><\/a><\/div><\/div><\/div><div class=\"post-desc-wrapper bg- has-custom-bg\" style=\"\"><div class=\"post-desc\"><div class=\"post-head\"><\/div><div class=\"post-title\"><h2 class=\"entry-title\" itemprop=\"headline\"><a href=\"https:\/\/kreativtalents.com\/agencit\/2023\/12\/22\/reamenagement-dimmeuble-a-r4\/\">R\u00e9amenagement d&rsquo;immeuble \u00e0 R+4<\/a><\/h2><\/div><div class=\"post-excerpt\">Restauration compl\u00e8te d&rsquo;un immeuble d&rsquo;habitation collectif de 11 logements en R+4 avec Sous-Sol -Versailles (78000). Maltrise d&rsquo;ouvrage : ASL Anjou Expertise : Etudes EXE Fluides (CV-PLB-ELEC)<span class=\"excerpt-hellip\"> [\u2026]<\/span><\/div><div class=\"post-footer\"><div class=\"button-love\"><span class=\"love-text\">Do you like it?<\/span><\/div><div class=\"post-links\"><i class=\"icon-doc-text\" aria-hidden=\"true\"><\/i> <a href=\"https:\/\/kreativtalents.com\/agencit\/2023\/12\/22\/reamenagement-dimmeuble-a-r4\/\" class=\"post-more\">Lire plus<\/a><\/div><\/div><\/div><\/div><\/article><article class=\"post post-item isotope-item clearfix author-admin post-2299 type-post status-publish format-standard has-post-thumbnail hentry category-projets-2023 category-uncategorized\" style=\"\"><div class=\"date_label\">d\u00e9cembre 22, 2023<\/div><div class=\"image_frame post-photo-wrapper scale-with-grid image\"><div class=\"image_wrapper\"><a href=\"https:\/\/kreativtalents.com\/agencit\/2023\/12\/22\/complex-sportif-republique-du-benin\/\"><div class=\"mask\"><\/div><img loading=\"lazy\" decoding=\"async\" width=\"586\" height=\"587\" src=\"https:\/\/kreativtalents.com\/agencit\/wp-content\/uploads\/2023\/12\/photo1.jpg\" class=\"scale-with-grid wp-post-image\" alt=\"\" srcset=\"https:\/\/kreativtalents.com\/agencit\/wp-content\/uploads\/2023\/12\/photo1.jpg 586w, https:\/\/kreativtalents.com\/agencit\/wp-content\/uploads\/2023\/12\/photo1-500x500.jpg 500w, https:\/\/kreativtalents.com\/agencit\/wp-content\/uploads\/2023\/12\/photo1-300x300.jpg 300w, https:\/\/kreativtalents.com\/agencit\/wp-content\/uploads\/2023\/12\/photo1-150x150.jpg 150w, https:\/\/kreativtalents.com\/agencit\/wp-content\/uploads\/2023\/12\/photo1-75x75.jpg 75w, https:\/\/kreativtalents.com\/agencit\/wp-content\/uploads\/2023\/12\/photo1-480x481.jpg 480w\" sizes=\"auto, (max-width:767px) 480px, 586px\" \/><\/a><div class=\"image_links double\"><a class=\"zoom \"  rel=\"prettyphoto\" href=\"https:\/\/kreativtalents.com\/agencit\/wp-content\/uploads\/2023\/12\/photo1.jpg\"><svg viewBox=\"0 0 26 26\"><defs><style>.path{fill:none;stroke:#333;stroke-miterlimit:10;stroke-width:1.5px;}<\/style><\/defs><circle cx=\"11.35\" cy=\"11.35\" r=\"6\" class=\"path\"><\/circle><line x1=\"15.59\" y1=\"15.59\" x2=\"20.65\" y2=\"20.65\" class=\"path\"><\/line><\/svg><\/a><a class=\"link \"  href=\"https:\/\/kreativtalents.com\/agencit\/2023\/12\/22\/complex-sportif-republique-du-benin\/\"><svg viewBox=\"0 0 26 26\"><defs><style>.path{fill:none;stroke:#333;stroke-miterlimit:10;stroke-width:1.5px;}<\/style><\/defs><g><path d=\"M10.17,8.76l2.12-2.12a5,5,0,0,1,7.07,0h0a5,5,0,0,1,0,7.07l-2.12,2.12\" class=\"path\"><\/path><path d=\"M15.83,17.24l-2.12,2.12a5,5,0,0,1-7.07,0h0a5,5,0,0,1,0-7.07l2.12-2.12\" class=\"path\"><\/path><line x1=\"10.17\" y1=\"15.83\" x2=\"15.83\" y2=\"10.17\" class=\"path\"><\/line><\/g><\/svg><\/a><\/div><\/div><\/div><div class=\"post-desc-wrapper bg- has-custom-bg\" style=\"\"><div class=\"post-desc\"><div class=\"post-head\"><\/div><div class=\"post-title\"><h2 class=\"entry-title\" itemprop=\"headline\"><a href=\"https:\/\/kreativtalents.com\/agencit\/2023\/12\/22\/complex-sportif-republique-du-benin\/\">Complex sportif &#8211; R\u00e9publique du b\u00e9nin<\/a><\/h2><\/div><div class=\"post-excerpt\">Projet de construction d&rsquo;un Complexe Touristique et sportif &#8211; la MARINA- Ville Ouidah- R\u00e9publique du B\u00c9NIN Maltrise d&rsquo;ouvrage : R\u00e9publique du B\u00c9NIN Expertise : \u00c9tude structure<span class=\"excerpt-hellip\"> [\u2026]<\/span><\/div><div class=\"post-footer\"><div class=\"button-love\"><span class=\"love-text\">Do you like it?<\/span><\/div><div class=\"post-links\"><i class=\"icon-doc-text\" aria-hidden=\"true\"><\/i> <a href=\"https:\/\/kreativtalents.com\/agencit\/2023\/12\/22\/complex-sportif-republique-du-benin\/\" class=\"post-more\">Lire plus<\/a><\/div><\/div><\/div><\/div><\/article><\/div><\/div>\n<\/div>\n[\/vc_tta_section][\/vc_tta_tabs][\/vc_column][\/vc_row]<\/p>\n<\/div>","protected":false},"excerpt":{"rendered":"<p>[vc_row][vc_column][vc_empty_space height=\u00a0\u00bb132px\u00a0\u00bb][\/vc_column][\/vc_row][vc_row][vc_column][vc_tta_tabs color=\u00a0\u00bbwhite\u00a0\u00bb alignment=\u00a0\u00bbright\u00a0\u00bb active_section=\u00a0\u00bb1&Prime;][vc_tta_section title=\u00a0\u00bbProjets 2021&Prime; tab_id=\u00a0\u00bb1703425345481-1a91b383-8708&Prime;][\/vc_tta_section][vc_tta_section title=\u00a0\u00bbProjets 2022&Prime; tab_id=\u00a0\u00bb1703425345490-bc87384e-9c76&Prime;][\/vc_tta_section][vc_tta_section title=\u00a0\u00bbProjets 2023&Prime; tab_id=\u00a0\u00bb1703425504555-42b5d34f-fd2b\u00a0\u00bb][\/vc_tta_section][\/vc_tta_tabs][\/vc_column][\/vc_row]<\/p>\n","protected":false},"author":1,"featured_media":0,"parent":0,"menu_order":0,"comment_status":"closed","ping_status":"closed","template":"","meta":{"footnotes":""},"class_list":["post-2331","page","type-page","status-publish","hentry"],"_links":{"self":[{"href":"https:\/\/kreativtalents.com\/agencit\/wp-json\/wp\/v2\/pages\/2331","targetHints":{"allow":["GET"]}}],"collection":[{"href":"https:\/\/kreativtalents.com\/agencit\/wp-json\/wp\/v2\/pages"}],"about":[{"href":"https:\/\/kreativtalents.com\/agencit\/wp-json\/wp\/v2\/types\/page"}],"author":[{"embeddable":true,"href":"https:\/\/kreativtalents.com\/agencit\/wp-json\/wp\/v2\/users\/1"}],"replies":[{"embeddable":true,"href":"https:\/\/kreativtalents.com\/agencit\/wp-json\/wp\/v2\/comments?post=2331"}],"version-history":[{"count":12,"href":"https:\/\/kreativtalents.com\/agencit\/wp-json\/wp\/v2\/pages\/2331\/revisions"}],"predecessor-version":[{"id":2358,"href":"https:\/\/kreativtalents.com\/agencit\/wp-json\/wp\/v2\/pages\/2331\/revisions\/2358"}],"wp:attachment":[{"href":"https:\/\/kreativtalents.com\/agencit\/wp-json\/wp\/v2\/media?parent=2331"}],"curies":[{"name":"wp","href":"https:\/\/api.w.org\/{rel}","templated":true}]}}